{"id":28,"date":"2023-12-01T16:23:01","date_gmt":"2023-12-01T15:23:01","guid":{"rendered":"https:\/\/cerclealekhine.fr\/?page_id=28"},"modified":"2025-12-03T16:38:55","modified_gmt":"2025-12-03T15:38:55","slug":"mentions-legales","status":"publish","type":"page","link":"https:\/\/cerclealekhine.fr\/index.php\/mentions-legales\/","title":{"rendered":"Mentions l\u00e9gales"},"content":{"rendered":"\n<div style=\"height:10px\" aria-hidden=\"true\" class=\"wp-block-spacer\"><\/div>\n\n\n\n<h2 class=\"wp-block-heading has-text-align-center has-large-font-size\"><strong>Cercle Alekhine de Noisy le Grand<\/strong><\/h2>\n\n\n\n<p style=\"font-size:15px\">Association de loi 1901 \u00e0 but non lucratif ayant pour objet l&rsquo;apprentissage et la pratique du jeu d&rsquo;\u00e9checs sous sa forme ludique ou de comp\u00e9tition.<\/p>\n\n\n\n<div class=\"wp-block-columns is-layout-flex wp-container-core-columns-is-layout-9d6595d7 wp-block-columns-is-layout-flex\">\n<div class=\"wp-block-column is-layout-flow wp-block-column-is-layout-flow\" style=\"flex-basis:38%\">\n<p style=\"font-size:15px\"><strong>RNA <\/strong>: W932002851 <strong>Cr\u00e9ation <\/strong>: 13\/10\/1976<br><strong>N\u00b0 SIRET<\/strong> : 789 068 392 00016 <strong>Code APE<\/strong> : 9329Z<br><strong>Code FFE <\/strong>: M93008<\/p>\n<\/div>\n\n\n\n<div class=\"wp-block-column is-layout-flow wp-block-column-is-layout-flow\">\n<p style=\"font-size:15px\"><strong>Si\u00e8ge social<\/strong> : <a href=\"https:\/\/www.google.ca\/maps\/place\/Cercle+Alekhine\/@48.8433017,2.5756801,17z\/data=!3m1!4b1!4m6!3m5!1s0x47e60f0027f8d89f:0xa3d5d8f510fc84c7!8m2!3d48.8433017!4d2.578255!16s%2Fg%2F11lck_q3nl?hl=fr&amp;entry=ttu\" target=\"_blank\" rel=\"noreferrer noopener\">9 All\u00e9e du Bataillon Hildevert, 93160 Noisy-le-Grand<\/a><\/p>\n<\/div>\n\n\n\n<div class=\"wp-block-column is-layout-flow wp-block-column-is-layout-flow\">\n<p style=\"font-size:15px\"><strong>Pr\u00e9sident <\/strong>: Thomas Lemoine<br><strong>Webmestre <\/strong>: Yves Hantala<br><strong>H\u00e9bergeur du site<\/strong> : Hostinger<\/p>\n<\/div>\n<\/div>\n\n\n\n<div class=\"wp-block-columns is-layout-flex wp-container-core-columns-is-layout-9d6595d7 wp-block-columns-is-layout-flex\">\n<div class=\"wp-block-column is-layout-flow wp-block-column-is-layout-flow\">\n<h3 class=\"wp-block-heading has-medium-font-size\"><strong>Droit \u00e0 l&rsquo;image<\/strong><\/h3>\n\n\n\n<p style=\"font-size:15px\">Lors de l&rsquo;inscription, le membre du club (ou son repr\u00e9sentant l\u00e9gal) doit autoriser les repr\u00e9sentants de l\u2019association \u00e0 le prendre en photo ou en vid\u00e9o.<br>Les photos et vid\u00e9os pourront \u00eatre utilis\u00e9es pour la communication interne au club et\/ou pour le journal (ou MPT) de la ville.<br>Elles pourront \u00eatre diffus\u00e9es sur les sites internet du club, de la F\u00e9d\u00e9ration Fran\u00e7aise des Echecs et de ses organes d\u00e9concentr\u00e9es.<\/p>\n<\/div>\n\n\n\n<div class=\"wp-block-column is-layout-flow wp-block-column-is-layout-flow\">\n<h3 class=\"wp-block-heading has-medium-font-size\">Notice RGPD<\/h3>\n\n\n\n<p style=\"font-size:15px\">Les informations recueillies dans le dossier d\u2019inscription font l\u2019objet d\u2019un traitement informatis\u00e9.<br>La base l\u00e9gale du traitement est l\u2019int\u00e9r\u00eat l\u00e9gitime.<br>Les donn\u00e9es suivantes : nom, pr\u00e9nom, genre, date de naissance, adresse postale et e-mail, seront communiqu\u00e9es \u00e0 la F\u00e9d\u00e9ration Fran\u00e7aise<br>des \u00c9checs \u00e0 l\u2019occasion de la prise de la licence de votre enfant.<br>Elles seront conserv\u00e9es par le Cercle Alekhine jusqu\u2019au 30 septembre suivant la saison de la licence.<br>Vous pouvez acc\u00e9der aux donn\u00e9es concernant votre enfant ou les rectifier en contactant le bureau du Cercle.<br>Vous pouvez consulter le site cnil.fr pour plus d\u2019informations sur vos droits.<br>Pour exercer ces droits ou pour toute question sur le traitement de vos donn\u00e9es dans ce dispositif, vous pouvez \u00e9crire \u00e0 <a href=\"mailto:contact@cerclealekhine.fr\" target=\"_blank\" rel=\"noreferrer noopener\">contact@cerclealekhine.fr<\/a>.<br>Si vous estimez, apr\u00e8s nous avoir contact\u00e9s, que vos droits ne sont pas respect\u00e9s, vous pouvez adresser une r\u00e9clamation \u00e0 la CNIL.<\/p>\n<\/div>\n<\/div>\n","protected":false},"excerpt":{"rendered":"<p>Cercle Alekhine de Noisy le Grand Association de loi 1901 \u00e0 but non lucratif ayant pour objet l&rsquo;apprentissage et la pratique du jeu d&rsquo;\u00e9checs sous sa forme ludique ou de comp\u00e9tition. RNA : W932002851 Cr\u00e9ation : 13\/10\/1976N\u00b0 SIRET : 789 068 392 00016 Code APE : 9329ZCode FFE : M93008 Si\u00e8ge social : 9 All\u00e9e [&hellip;]<\/p>\n","protected":false},"author":1,"featured_media":0,"parent":0,"menu_order":0,"comment_status":"closed","ping_status":"closed","template":"","meta":{"om_disable_all_campaigns":false,"_monsterinsights_skip_tracking":false,"_monsterinsights_sitenote_active":false,"_monsterinsights_sitenote_note":"","_monsterinsights_sitenote_category":0,"footnotes":""},"class_list":["post-28","page","type-page","status-publish","hentry","entry"],"yoast_head":"<!-- This site is optimized with the Yoast SEO plugin v27.5 - https:\/\/yoast.com\/product\/yoast-seo-wordpress\/ -->\n<title>Cercle Alekhine d&#039;\u00e9checs de Noisy-le-Grand - Mentions l\u00e9gales<\/title>\n<meta name=\"description\" content=\"Cercle Alekhine d&#039;\u00e9checs de Noisy-le-Grand - Mentions l\u00e9gales - Statut juridique - Droit \u00e0 l&#039;image - Utilisation des donn\u00e9es collect\u00e9es.\" \/>\n<meta name=\"robots\" content=\"index, follow, max-snippet:-1, max-image-preview:large, max-video-preview:-1\" \/>\n<link rel=\"canonical\" href=\"https:\/\/cerclealekhine.fr\/index.php\/mentions-legales\/\" \/>\n<meta property=\"og:locale\" content=\"fr_FR\" \/>\n<meta property=\"og:type\" content=\"article\" \/>\n<meta property=\"og:title\" content=\"Cercle Alekhine d&#039;\u00e9checs de Noisy-le-Grand - Mentions l\u00e9gales\" \/>\n<meta property=\"og:description\" content=\"Cercle Alekhine d&#039;\u00e9checs de Noisy-le-Grand - Mentions l\u00e9gales - Statut juridique - Droit \u00e0 l&#039;image - Utilisation des donn\u00e9es collect\u00e9es.\" \/>\n<meta property=\"og:url\" content=\"https:\/\/cerclealekhine.fr\/index.php\/mentions-legales\/\" \/>\n<meta property=\"og:site_name\" content=\"Cercle Alekhine\" \/>\n<meta property=\"article:publisher\" content=\"https:\/\/www.facebook.com\/profile.php?id=100095083825352\" \/>\n<meta property=\"article:modified_time\" content=\"2025-12-03T15:38:55+00:00\" \/>\n<meta property=\"og:image\" content=\"https:\/\/cerclealekhine.fr\/wp-content\/uploads\/2023\/11\/Logo_CANLG.png\" \/>\n\t<meta property=\"og:image:width\" content=\"189\" \/>\n\t<meta property=\"og:image:height\" content=\"208\" \/>\n\t<meta property=\"og:image:type\" content=\"image\/png\" \/>\n<meta name=\"twitter:card\" content=\"summary_large_image\" \/>\n<meta name=\"twitter:label1\" content=\"Dur\u00e9e de lecture estim\u00e9e\" \/>\n\t<meta name=\"twitter:data1\" content=\"2 minutes\" \/>\n<script type=\"application\/ld+json\" class=\"yoast-schema-graph\">{\"@context\":\"https:\\\/\\\/schema.org\",\"@graph\":[{\"@type\":\"WebPage\",\"@id\":\"https:\\\/\\\/cerclealekhine.fr\\\/index.php\\\/mentions-legales\\\/\",\"url\":\"https:\\\/\\\/cerclealekhine.fr\\\/index.php\\\/mentions-legales\\\/\",\"name\":\"Cercle Alekhine d'\u00e9checs de Noisy-le-Grand - Mentions l\u00e9gales\",\"isPartOf\":{\"@id\":\"https:\\\/\\\/cerclealekhine.fr\\\/#website\"},\"datePublished\":\"2023-12-01T15:23:01+00:00\",\"dateModified\":\"2025-12-03T15:38:55+00:00\",\"description\":\"Cercle Alekhine d'\u00e9checs de Noisy-le-Grand - Mentions l\u00e9gales - Statut juridique - Droit \u00e0 l'image - Utilisation des donn\u00e9es collect\u00e9es.\",\"breadcrumb\":{\"@id\":\"https:\\\/\\\/cerclealekhine.fr\\\/index.php\\\/mentions-legales\\\/#breadcrumb\"},\"inLanguage\":\"fr-FR\",\"potentialAction\":[{\"@type\":\"ReadAction\",\"target\":[\"https:\\\/\\\/cerclealekhine.fr\\\/index.php\\\/mentions-legales\\\/\"]}]},{\"@type\":\"BreadcrumbList\",\"@id\":\"https:\\\/\\\/cerclealekhine.fr\\\/index.php\\\/mentions-legales\\\/#breadcrumb\",\"itemListElement\":[{\"@type\":\"ListItem\",\"position\":1,\"name\":\"Accueil\",\"item\":\"https:\\\/\\\/cerclealekhine.fr\\\/\"},{\"@type\":\"ListItem\",\"position\":2,\"name\":\"Mentions l\u00e9gales\"}]},{\"@type\":\"WebSite\",\"@id\":\"https:\\\/\\\/cerclealekhine.fr\\\/#website\",\"url\":\"https:\\\/\\\/cerclealekhine.fr\\\/\",\"name\":\"Cercle Alekhine\",\"description\":\"\",\"publisher\":{\"@id\":\"https:\\\/\\\/cerclealekhine.fr\\\/#organization\"},\"alternateName\":\"CANLG\",\"potentialAction\":[{\"@type\":\"SearchAction\",\"target\":{\"@type\":\"EntryPoint\",\"urlTemplate\":\"https:\\\/\\\/cerclealekhine.fr\\\/?s={search_term_string}\"},\"query-input\":{\"@type\":\"PropertyValueSpecification\",\"valueRequired\":true,\"valueName\":\"search_term_string\"}}],\"inLanguage\":\"fr-FR\"},{\"@type\":\"Organization\",\"@id\":\"https:\\\/\\\/cerclealekhine.fr\\\/#organization\",\"name\":\"Cercle d'\u00e9checs Alekhine de Noisy-le-Grand\",\"alternateName\":\"CANLG\",\"url\":\"https:\\\/\\\/cerclealekhine.fr\\\/\",\"logo\":{\"@type\":\"ImageObject\",\"inLanguage\":\"fr-FR\",\"@id\":\"https:\\\/\\\/cerclealekhine.fr\\\/#\\\/schema\\\/logo\\\/image\\\/\",\"url\":\"https:\\\/\\\/cerclealekhine.fr\\\/wp-content\\\/uploads\\\/2023\\\/11\\\/cropped-cropped-cropped-Logo_CANLG.png\",\"contentUrl\":\"https:\\\/\\\/cerclealekhine.fr\\\/wp-content\\\/uploads\\\/2023\\\/11\\\/cropped-cropped-cropped-Logo_CANLG.png\",\"width\":248,\"height\":248,\"caption\":\"Cercle d'\u00e9checs Alekhine de Noisy-le-Grand\"},\"image\":{\"@id\":\"https:\\\/\\\/cerclealekhine.fr\\\/#\\\/schema\\\/logo\\\/image\\\/\"},\"sameAs\":[\"https:\\\/\\\/www.facebook.com\\\/profile.php?id=100095083825352\"]}]}<\/script>\n<!-- \/ Yoast SEO plugin. -->","yoast_head_json":{"title":"Cercle Alekhine d'\u00e9checs de Noisy-le-Grand - Mentions l\u00e9gales","description":"Cercle Alekhine d'\u00e9checs de Noisy-le-Grand - Mentions l\u00e9gales - Statut juridique - Droit \u00e0 l'image - Utilisation des donn\u00e9es collect\u00e9es.","robots":{"index":"index","follow":"follow","max-snippet":"max-snippet:-1","max-image-preview":"max-image-preview:large","max-video-preview":"max-video-preview:-1"},"canonical":"https:\/\/cerclealekhine.fr\/index.php\/mentions-legales\/","og_locale":"fr_FR","og_type":"article","og_title":"Cercle Alekhine d'\u00e9checs de Noisy-le-Grand - Mentions l\u00e9gales","og_description":"Cercle Alekhine d'\u00e9checs de Noisy-le-Grand - Mentions l\u00e9gales - Statut juridique - Droit \u00e0 l'image - Utilisation des donn\u00e9es collect\u00e9es.","og_url":"https:\/\/cerclealekhine.fr\/index.php\/mentions-legales\/","og_site_name":"Cercle Alekhine","article_publisher":"https:\/\/www.facebook.com\/profile.php?id=100095083825352","article_modified_time":"2025-12-03T15:38:55+00:00","og_image":[{"width":189,"height":208,"url":"https:\/\/cerclealekhine.fr\/wp-content\/uploads\/2023\/11\/Logo_CANLG.png","type":"image\/png"}],"twitter_card":"summary_large_image","twitter_misc":{"Dur\u00e9e de lecture estim\u00e9e":"2 minutes"},"schema":{"@context":"https:\/\/schema.org","@graph":[{"@type":"WebPage","@id":"https:\/\/cerclealekhine.fr\/index.php\/mentions-legales\/","url":"https:\/\/cerclealekhine.fr\/index.php\/mentions-legales\/","name":"Cercle Alekhine d'\u00e9checs de Noisy-le-Grand - Mentions l\u00e9gales","isPartOf":{"@id":"https:\/\/cerclealekhine.fr\/#website"},"datePublished":"2023-12-01T15:23:01+00:00","dateModified":"2025-12-03T15:38:55+00:00","description":"Cercle Alekhine d'\u00e9checs de Noisy-le-Grand - Mentions l\u00e9gales - Statut juridique - Droit \u00e0 l'image - Utilisation des donn\u00e9es collect\u00e9es.","breadcrumb":{"@id":"https:\/\/cerclealekhine.fr\/index.php\/mentions-legales\/#breadcrumb"},"inLanguage":"fr-FR","potentialAction":[{"@type":"ReadAction","target":["https:\/\/cerclealekhine.fr\/index.php\/mentions-legales\/"]}]},{"@type":"BreadcrumbList","@id":"https:\/\/cerclealekhine.fr\/index.php\/mentions-legales\/#breadcrumb","itemListElement":[{"@type":"ListItem","position":1,"name":"Accueil","item":"https:\/\/cerclealekhine.fr\/"},{"@type":"ListItem","position":2,"name":"Mentions l\u00e9gales"}]},{"@type":"WebSite","@id":"https:\/\/cerclealekhine.fr\/#website","url":"https:\/\/cerclealekhine.fr\/","name":"Cercle Alekhine","description":"","publisher":{"@id":"https:\/\/cerclealekhine.fr\/#organization"},"alternateName":"CANLG","potentialAction":[{"@type":"SearchAction","target":{"@type":"EntryPoint","urlTemplate":"https:\/\/cerclealekhine.fr\/?s={search_term_string}"},"query-input":{"@type":"PropertyValueSpecification","valueRequired":true,"valueName":"search_term_string"}}],"inLanguage":"fr-FR"},{"@type":"Organization","@id":"https:\/\/cerclealekhine.fr\/#organization","name":"Cercle d'\u00e9checs Alekhine de Noisy-le-Grand","alternateName":"CANLG","url":"https:\/\/cerclealekhine.fr\/","logo":{"@type":"ImageObject","inLanguage":"fr-FR","@id":"https:\/\/cerclealekhine.fr\/#\/schema\/logo\/image\/","url":"https:\/\/cerclealekhine.fr\/wp-content\/uploads\/2023\/11\/cropped-cropped-cropped-Logo_CANLG.png","contentUrl":"https:\/\/cerclealekhine.fr\/wp-content\/uploads\/2023\/11\/cropped-cropped-cropped-Logo_CANLG.png","width":248,"height":248,"caption":"Cercle d'\u00e9checs Alekhine de Noisy-le-Grand"},"image":{"@id":"https:\/\/cerclealekhine.fr\/#\/schema\/logo\/image\/"},"sameAs":["https:\/\/www.facebook.com\/profile.php?id=100095083825352"]}]}},"jetpack_sharing_enabled":true,"_links":{"self":[{"href":"https:\/\/cerclealekhine.fr\/index.php\/wp-json\/wp\/v2\/pages\/28","targetHints":{"allow":["GET"]}}],"collection":[{"href":"https:\/\/cerclealekhine.fr\/index.php\/wp-json\/wp\/v2\/pages"}],"about":[{"href":"https:\/\/cerclealekhine.fr\/index.php\/wp-json\/wp\/v2\/types\/page"}],"author":[{"embeddable":true,"href":"https:\/\/cerclealekhine.fr\/index.php\/wp-json\/wp\/v2\/users\/1"}],"replies":[{"embeddable":true,"href":"https:\/\/cerclealekhine.fr\/index.php\/wp-json\/wp\/v2\/comments?post=28"}],"version-history":[{"count":15,"href":"https:\/\/cerclealekhine.fr\/index.php\/wp-json\/wp\/v2\/pages\/28\/revisions"}],"predecessor-version":[{"id":3077,"href":"https:\/\/cerclealekhine.fr\/index.php\/wp-json\/wp\/v2\/pages\/28\/revisions\/3077"}],"wp:attachment":[{"href":"https:\/\/cerclealekhine.fr\/index.php\/wp-json\/wp\/v2\/media?parent=28"}],"curies":[{"name":"wp","href":"https:\/\/api.w.org\/{rel}","templated":true}]}}