{"id":792,"date":"2024-01-09T18:40:38","date_gmt":"2024-01-09T17:40:38","guid":{"rendered":"https:\/\/cerclealekhine.fr\/?page_id=792"},"modified":"2026-01-08T16:04:04","modified_gmt":"2026-01-08T15:04:04","slug":"newsletters","status":"publish","type":"page","link":"https:\/\/cerclealekhine.fr\/index.php\/newsletters\/","title":{"rendered":"Newsletters"},"content":{"rendered":"\n<p style=\"font-size:15px\"><strong>Alek&rsquo;Info<\/strong>, la lettre d&rsquo;informations du Cercle Alekhine rappelle les activit\u00e9s et \u00e9v\u00e8nements pass\u00e9s du club d&rsquo;\u00e9checs, ainsi que les \u00e9v\u00e8nements \u00e0 venir.<\/p>\n\n\n\n<div class=\"wp-block-columns is-layout-flex wp-container-core-columns-is-layout-9d6595d7 wp-block-columns-is-layout-flex\">\n<div class=\"wp-block-column is-layout-flow wp-block-column-is-layout-flow\">\n<p style=\"font-size:15px\"><strong>Alek&rsquo;Info N\u00b0 26-5<\/strong> &#8211; Pour ce cinqui\u00e8me num\u00e9ro, la lettre d\u2019information Alek\u2019Info pr\u00e9sente les r\u00e9sultats du club dans les comp\u00e9titions en ce d\u00e9but de saison, un focus sur le championnat d\u00e9partemental Jeunes et une analyse des effectifs jeunes du club.<\/p>\n\n\n\n<div data-wp-interactive=\"core\/file\" class=\"wp-block-file\"><object data-wp-bind--hidden=\"!state.hasPdfPreview\" hidden class=\"wp-block-file__embed\" data=\"https:\/\/cerclealekhine.fr\/wp-content\/uploads\/2026\/01\/Newsletter_Numero_26-5.pdf\" type=\"application\/pdf\" style=\"width:100%;height:200px\" aria-label=\"Contenu embarqu\u00e9 Newsletter_Numero_26-5.\"><\/object><a id=\"wp-block-file--media-2c9242f0-b54f-4db1-b748-650f08d5c341\" href=\"https:\/\/cerclealekhine.fr\/wp-content\/uploads\/2026\/01\/Newsletter_Numero_26-5.pdf\">Newsletter_Numero_26-5<\/a><a href=\"https:\/\/cerclealekhine.fr\/wp-content\/uploads\/2026\/01\/Newsletter_Numero_26-5.pdf\" class=\"wp-block-file__button wp-element-button\" download aria-describedby=\"wp-block-file--media-2c9242f0-b54f-4db1-b748-650f08d5c341\">T\u00e9l\u00e9charger<\/a><\/div>\n<\/div>\n\n\n\n<div class=\"wp-block-column is-layout-flow wp-block-column-is-layout-flow\">\n<ul class=\"wp-block-list\">\n<li><strong><a href=\"https:\/\/cerclealekhine.fr\/wp-content\/uploads\/2025\/12\/Newsletter-Numero-25-4.pdf\"><mark style=\"background-color:rgba(0, 0, 0, 0)\" class=\"has-inline-color has-vivid-cyan-blue-color\">Alek&rsquo;Info N\u00b0 25-4<\/mark><\/a><\/strong> &#8211; Pour ce quatri\u00e8me num\u00e9ro, la lettre d\u2019information Alek\u2019Info pr\u00e9sente un focus sur l&rsquo;\u00e9quipe f\u00e9minine jeunes.<\/li>\n\n\n\n<li style=\"font-size:15px\"><a href=\"https:\/\/cerclealekhine.fr\/wp-content\/uploads\/2025\/01\/Newsletter-Numero-25-3-1.pdf\" target=\"_blank\" rel=\"noreferrer noopener\"><strong><mark style=\"background-color:rgba(0, 0, 0, 0)\" class=\"has-inline-color has-vivid-cyan-blue-color\">Alek&rsquo;Info N\u00b0 25-3<\/mark><\/strong><\/a> &#8211; Dans ce troisi\u00e8me num\u00e9ro, la lettre d\u2019information Alek\u2019Info pr\u00e9sente les r\u00e9sultats du club dans les comp\u00e9titions en ce d\u00e9but de saison et un focus sur le championnat d\u00e9partemental Jeunes.<\/li>\n\n\n\n<li style=\"font-size:15px\"><a href=\"https:\/\/cerclealekhine.fr\/wp-content\/uploads\/2024\/08\/Newsletter-Numero-24-2.pdf\" target=\"_blank\" rel=\"noreferrer noopener\"><strong><mark style=\"background-color:rgba(0, 0, 0, 0)\" class=\"has-inline-color has-vivid-cyan-blue-color\">Alek&rsquo;Info N\u00b0 24-2<\/mark><\/strong><\/a> &#8211; Pour ce deuxi\u00e8me num\u00e9ro, la lettre d\u2019information Alek\u2019Info pr\u00e9sente les r\u00e9sultats du club pour les comp\u00e9titions par \u00e9quipes et un focus sur le Crit\u00e9rium Petits pions.<\/li>\n\n\n\n<li style=\"font-size:15px\"><strong><a href=\"https:\/\/cerclealekhine.fr\/wp-content\/uploads\/2024\/01\/Newsletter-Numero-24-1-2.pdf\" target=\"_blank\" rel=\"noreferrer noopener\"><mark style=\"background-color:rgba(0, 0, 0, 0)\" class=\"has-inline-color has-vivid-cyan-blue-color\">Alek&rsquo;Info N\u00b0 24-1<\/mark><\/a><\/strong> &#8211; La lettre d\u2019information Alek\u2019Info du Cercle Alekhine a pour objectif de rappeler aux adh\u00e9rents les activit\u00e9s du club d\u2019\u00e9checs.<\/li>\n<\/ul>\n<\/div>\n<\/div>\n","protected":false},"excerpt":{"rendered":"<p>Alek\u2019Info, la lettre d\u2019informations du Cercle Alekhine rappelle les activit\u00e9s et \u00e9v\u00e8nements pass\u00e9s du club d\u2019\u00e9checs, ainsi que les \u00e9v\u00e8nements \u00e0 venir.<\/p>\n","protected":false},"author":1,"featured_media":0,"parent":0,"menu_order":0,"comment_status":"closed","ping_status":"closed","template":"","meta":{"om_disable_all_campaigns":false,"_monsterinsights_skip_tracking":false,"_monsterinsights_sitenote_active":false,"_monsterinsights_sitenote_note":"","_monsterinsights_sitenote_category":0,"footnotes":""},"class_list":["post-792","page","type-page","status-publish","hentry","entry"],"yoast_head":"<!-- This site is optimized with the Yoast SEO plugin v27.5 - https:\/\/yoast.com\/product\/yoast-seo-wordpress\/ -->\n<title>Cercle Alekhine - Newsletters - Le club d&#039;\u00e9checs de Noisy-le-Grand<\/title>\n<meta name=\"description\" content=\"Cercle Alekhine - Newsletters - Le club d&#039;\u00e9checs de Noisy-le-Grand\" \/>\n<meta name=\"robots\" content=\"index, follow, max-snippet:-1, max-image-preview:large, max-video-preview:-1\" \/>\n<link rel=\"canonical\" href=\"https:\/\/cerclealekhine.fr\/index.php\/newsletters\/\" \/>\n<meta property=\"og:locale\" content=\"fr_FR\" \/>\n<meta property=\"og:type\" content=\"article\" \/>\n<meta property=\"og:title\" content=\"Cercle Alekhine - Newsletters - Le club d&#039;\u00e9checs de Noisy-le-Grand\" \/>\n<meta property=\"og:description\" content=\"Cercle Alekhine - Newsletters - Le club d&#039;\u00e9checs de Noisy-le-Grand\" \/>\n<meta property=\"og:url\" content=\"https:\/\/cerclealekhine.fr\/index.php\/newsletters\/\" \/>\n<meta property=\"og:site_name\" content=\"Cercle Alekhine\" \/>\n<meta property=\"article:publisher\" content=\"https:\/\/www.facebook.com\/profile.php?id=100095083825352\" \/>\n<meta property=\"article:modified_time\" content=\"2026-01-08T15:04:04+00:00\" \/>\n<meta property=\"og:image\" content=\"https:\/\/cerclealekhine.fr\/wp-content\/uploads\/2023\/11\/Logo_CANLG.png\" \/>\n\t<meta property=\"og:image:width\" content=\"189\" \/>\n\t<meta property=\"og:image:height\" content=\"208\" \/>\n\t<meta property=\"og:image:type\" content=\"image\/png\" \/>\n<meta name=\"twitter:card\" content=\"summary_large_image\" \/>\n<meta name=\"twitter:label1\" content=\"Dur\u00e9e de lecture estim\u00e9e\" \/>\n\t<meta name=\"twitter:data1\" content=\"1 minute\" \/>\n<script type=\"application\/ld+json\" class=\"yoast-schema-graph\">{\"@context\":\"https:\\\/\\\/schema.org\",\"@graph\":[{\"@type\":\"WebPage\",\"@id\":\"https:\\\/\\\/cerclealekhine.fr\\\/index.php\\\/newsletters\\\/\",\"url\":\"https:\\\/\\\/cerclealekhine.fr\\\/index.php\\\/newsletters\\\/\",\"name\":\"Cercle Alekhine - Newsletters - Le club d'\u00e9checs de Noisy-le-Grand\",\"isPartOf\":{\"@id\":\"https:\\\/\\\/cerclealekhine.fr\\\/#website\"},\"datePublished\":\"2024-01-09T17:40:38+00:00\",\"dateModified\":\"2026-01-08T15:04:04+00:00\",\"description\":\"Cercle Alekhine - Newsletters - Le club d'\u00e9checs de Noisy-le-Grand\",\"breadcrumb\":{\"@id\":\"https:\\\/\\\/cerclealekhine.fr\\\/index.php\\\/newsletters\\\/#breadcrumb\"},\"inLanguage\":\"fr-FR\",\"potentialAction\":[{\"@type\":\"ReadAction\",\"target\":[\"https:\\\/\\\/cerclealekhine.fr\\\/index.php\\\/newsletters\\\/\"]}]},{\"@type\":\"BreadcrumbList\",\"@id\":\"https:\\\/\\\/cerclealekhine.fr\\\/index.php\\\/newsletters\\\/#breadcrumb\",\"itemListElement\":[{\"@type\":\"ListItem\",\"position\":1,\"name\":\"Accueil\",\"item\":\"https:\\\/\\\/cerclealekhine.fr\\\/\"},{\"@type\":\"ListItem\",\"position\":2,\"name\":\"Newsletters\"}]},{\"@type\":\"WebSite\",\"@id\":\"https:\\\/\\\/cerclealekhine.fr\\\/#website\",\"url\":\"https:\\\/\\\/cerclealekhine.fr\\\/\",\"name\":\"Cercle Alekhine\",\"description\":\"\",\"publisher\":{\"@id\":\"https:\\\/\\\/cerclealekhine.fr\\\/#organization\"},\"alternateName\":\"CANLG\",\"potentialAction\":[{\"@type\":\"SearchAction\",\"target\":{\"@type\":\"EntryPoint\",\"urlTemplate\":\"https:\\\/\\\/cerclealekhine.fr\\\/?s={search_term_string}\"},\"query-input\":{\"@type\":\"PropertyValueSpecification\",\"valueRequired\":true,\"valueName\":\"search_term_string\"}}],\"inLanguage\":\"fr-FR\"},{\"@type\":\"Organization\",\"@id\":\"https:\\\/\\\/cerclealekhine.fr\\\/#organization\",\"name\":\"Cercle d'\u00e9checs Alekhine de Noisy-le-Grand\",\"alternateName\":\"CANLG\",\"url\":\"https:\\\/\\\/cerclealekhine.fr\\\/\",\"logo\":{\"@type\":\"ImageObject\",\"inLanguage\":\"fr-FR\",\"@id\":\"https:\\\/\\\/cerclealekhine.fr\\\/#\\\/schema\\\/logo\\\/image\\\/\",\"url\":\"https:\\\/\\\/cerclealekhine.fr\\\/wp-content\\\/uploads\\\/2023\\\/11\\\/cropped-cropped-cropped-Logo_CANLG.png\",\"contentUrl\":\"https:\\\/\\\/cerclealekhine.fr\\\/wp-content\\\/uploads\\\/2023\\\/11\\\/cropped-cropped-cropped-Logo_CANLG.png\",\"width\":248,\"height\":248,\"caption\":\"Cercle d'\u00e9checs Alekhine de Noisy-le-Grand\"},\"image\":{\"@id\":\"https:\\\/\\\/cerclealekhine.fr\\\/#\\\/schema\\\/logo\\\/image\\\/\"},\"sameAs\":[\"https:\\\/\\\/www.facebook.com\\\/profile.php?id=100095083825352\"]}]}<\/script>\n<!-- \/ Yoast SEO plugin. -->","yoast_head_json":{"title":"Cercle Alekhine - Newsletters - Le club d'\u00e9checs de Noisy-le-Grand","description":"Cercle Alekhine - Newsletters - Le club d'\u00e9checs de Noisy-le-Grand","robots":{"index":"index","follow":"follow","max-snippet":"max-snippet:-1","max-image-preview":"max-image-preview:large","max-video-preview":"max-video-preview:-1"},"canonical":"https:\/\/cerclealekhine.fr\/index.php\/newsletters\/","og_locale":"fr_FR","og_type":"article","og_title":"Cercle Alekhine - Newsletters - Le club d'\u00e9checs de Noisy-le-Grand","og_description":"Cercle Alekhine - Newsletters - Le club d'\u00e9checs de Noisy-le-Grand","og_url":"https:\/\/cerclealekhine.fr\/index.php\/newsletters\/","og_site_name":"Cercle Alekhine","article_publisher":"https:\/\/www.facebook.com\/profile.php?id=100095083825352","article_modified_time":"2026-01-08T15:04:04+00:00","og_image":[{"width":189,"height":208,"url":"https:\/\/cerclealekhine.fr\/wp-content\/uploads\/2023\/11\/Logo_CANLG.png","type":"image\/png"}],"twitter_card":"summary_large_image","twitter_misc":{"Dur\u00e9e de lecture estim\u00e9e":"1 minute"},"schema":{"@context":"https:\/\/schema.org","@graph":[{"@type":"WebPage","@id":"https:\/\/cerclealekhine.fr\/index.php\/newsletters\/","url":"https:\/\/cerclealekhine.fr\/index.php\/newsletters\/","name":"Cercle Alekhine - Newsletters - Le club d'\u00e9checs de Noisy-le-Grand","isPartOf":{"@id":"https:\/\/cerclealekhine.fr\/#website"},"datePublished":"2024-01-09T17:40:38+00:00","dateModified":"2026-01-08T15:04:04+00:00","description":"Cercle Alekhine - Newsletters - Le club d'\u00e9checs de Noisy-le-Grand","breadcrumb":{"@id":"https:\/\/cerclealekhine.fr\/index.php\/newsletters\/#breadcrumb"},"inLanguage":"fr-FR","potentialAction":[{"@type":"ReadAction","target":["https:\/\/cerclealekhine.fr\/index.php\/newsletters\/"]}]},{"@type":"BreadcrumbList","@id":"https:\/\/cerclealekhine.fr\/index.php\/newsletters\/#breadcrumb","itemListElement":[{"@type":"ListItem","position":1,"name":"Accueil","item":"https:\/\/cerclealekhine.fr\/"},{"@type":"ListItem","position":2,"name":"Newsletters"}]},{"@type":"WebSite","@id":"https:\/\/cerclealekhine.fr\/#website","url":"https:\/\/cerclealekhine.fr\/","name":"Cercle Alekhine","description":"","publisher":{"@id":"https:\/\/cerclealekhine.fr\/#organization"},"alternateName":"CANLG","potentialAction":[{"@type":"SearchAction","target":{"@type":"EntryPoint","urlTemplate":"https:\/\/cerclealekhine.fr\/?s={search_term_string}"},"query-input":{"@type":"PropertyValueSpecification","valueRequired":true,"valueName":"search_term_string"}}],"inLanguage":"fr-FR"},{"@type":"Organization","@id":"https:\/\/cerclealekhine.fr\/#organization","name":"Cercle d'\u00e9checs Alekhine de Noisy-le-Grand","alternateName":"CANLG","url":"https:\/\/cerclealekhine.fr\/","logo":{"@type":"ImageObject","inLanguage":"fr-FR","@id":"https:\/\/cerclealekhine.fr\/#\/schema\/logo\/image\/","url":"https:\/\/cerclealekhine.fr\/wp-content\/uploads\/2023\/11\/cropped-cropped-cropped-Logo_CANLG.png","contentUrl":"https:\/\/cerclealekhine.fr\/wp-content\/uploads\/2023\/11\/cropped-cropped-cropped-Logo_CANLG.png","width":248,"height":248,"caption":"Cercle d'\u00e9checs Alekhine de Noisy-le-Grand"},"image":{"@id":"https:\/\/cerclealekhine.fr\/#\/schema\/logo\/image\/"},"sameAs":["https:\/\/www.facebook.com\/profile.php?id=100095083825352"]}]}},"jetpack_sharing_enabled":true,"_links":{"self":[{"href":"https:\/\/cerclealekhine.fr\/index.php\/wp-json\/wp\/v2\/pages\/792","targetHints":{"allow":["GET"]}}],"collection":[{"href":"https:\/\/cerclealekhine.fr\/index.php\/wp-json\/wp\/v2\/pages"}],"about":[{"href":"https:\/\/cerclealekhine.fr\/index.php\/wp-json\/wp\/v2\/types\/page"}],"author":[{"embeddable":true,"href":"https:\/\/cerclealekhine.fr\/index.php\/wp-json\/wp\/v2\/users\/1"}],"replies":[{"embeddable":true,"href":"https:\/\/cerclealekhine.fr\/index.php\/wp-json\/wp\/v2\/comments?post=792"}],"version-history":[{"count":27,"href":"https:\/\/cerclealekhine.fr\/index.php\/wp-json\/wp\/v2\/pages\/792\/revisions"}],"predecessor-version":[{"id":3297,"href":"https:\/\/cerclealekhine.fr\/index.php\/wp-json\/wp\/v2\/pages\/792\/revisions\/3297"}],"wp:attachment":[{"href":"https:\/\/cerclealekhine.fr\/index.php\/wp-json\/wp\/v2\/media?parent=792"}],"curies":[{"name":"wp","href":"https:\/\/api.w.org\/{rel}","templated":true}]}}